{"id":15087,"date":"2024-09-15T16:27:34","date_gmt":"2024-09-15T14:27:34","guid":{"rendered":"https:\/\/gesellschaft-museum.de\/bridge\/?page_id=15087"},"modified":"2026-01-13T10:39:51","modified_gmt":"2026-01-13T09:39:51","slug":"aufbaukurse-und-workshops","status":"publish","type":"page","link":"https:\/\/gesellschaft-museum.de\/bridge\/bridge-lernen\/aufbaukurse-und-workshops\/","title":{"rendered":"Aufbaukurse und Workshops"},"content":{"rendered":"<div id='av_section_1'  class='avia-section av-kiyls39s-a265dc9b83fb48aba43034cfdff6beb5 main_color avia-section-default avia-shadow  avia-builder-el-0  el_before_av_one_full  avia-builder-el-first  avia-bg-style-scroll container_wrap sidebar_right'  ><div class='container av-section-cont-open' ><main  role=\"main\" itemprop=\"mainContentOfPage\"  class='template-page content  av-content-small alpha units'><div class='post-entry post-entry-type-page post-entry-15087'><div class='entry-content-wrapper clearfix'>\n<div class='flex_column av-1iwpl73-ea467cd80c147e66aa56c5830129460e av_three_fourth  avia-builder-el-1  el_before_av_one_fourth  avia-builder-el-first  first flex_column_div '   ><p>\n<style type=\"text\/css\" data-created_by=\"avia_inline_auto\" id=\"style-css-av-m13u93ih-44d64b5a95f9e6addfa7fe66d8c5f4d4\">\n#top .av-special-heading.av-m13u93ih-44d64b5a95f9e6addfa7fe66d8c5f4d4{\npadding-bottom:10px;\n}\nbody .av-special-heading.av-m13u93ih-44d64b5a95f9e6addfa7fe66d8c5f4d4 .av-special-heading-tag .heading-char{\nfont-size:25px;\n}\n.av-special-heading.av-m13u93ih-44d64b5a95f9e6addfa7fe66d8c5f4d4 .av-subheading{\nfont-size:15px;\n}\n<\/style>\n<div  class='av-special-heading av-m13u93ih-44d64b5a95f9e6addfa7fe66d8c5f4d4 av-special-heading-h2 blockquote modern-quote  avia-builder-el-2  el_before_av_textblock  avia-builder-el-first '><div class='av-subheading av-subheading_above'><p>Bridgeabteilung \u2013 Gesellschaft Museum<\/p>\n<\/div><h2 class='av-special-heading-tag'  itemprop=\"headline\"  >Aufbaukurse und Workshops<\/h2><div class=\"special-heading-border\"><div class=\"special-heading-inner-border\"><\/div><\/div><\/div><br \/>\n<section  class='av_textblock_section av-m13ul724-1c4d35318454b5a7c093d9163a2782cf'  itemscope=\"itemscope\" itemtype=\"https:\/\/schema.org\/CreativeWork\" ><div class='avia_textblock'  itemprop=\"text\" ><p><strong>Man lernt nie aus &#8211; unsere Kurse hefen Ihnen, Ihr Bridgespiel stetig zu verbessern.<\/strong><\/p>\n<\/div><\/section><\/p><\/div><div class='flex_column av-16gxh4f-5fb436bd078d809adea74ffa0868e514 av_one_fourth  avia-builder-el-4  el_after_av_three_fourth  avia-builder-el-last  flex_column_div '   ><\/div>\n<\/div><\/div><\/main><!-- close content main element --><\/div><\/div><div id='after_section_1'  class='main_color av_default_container_wrap container_wrap sidebar_right'  ><div class='container av-section-cont-open' ><div class='template-page content  av-content-small alpha units'><div class='post-entry post-entry-type-page post-entry-15087'><div class='entry-content-wrapper clearfix'>\n<div class='flex_column av-vfc7cf-6f48383748f3c2ecd5f60a6298eb5742 av_one_full  avia-builder-el-5  el_after_av_section  el_before_av_heading  avia-builder-el-first  first flex_column_div '   ><p>\n<style type=\"text\/css\" data-created_by=\"avia_inline_auto\" id=\"style-css-av-m1597wcx-442417d9527f0a833d5d7c386e675813\">\n#top .av-special-heading.av-m1597wcx-442417d9527f0a833d5d7c386e675813{\npadding-bottom:10px;\n}\nbody .av-special-heading.av-m1597wcx-442417d9527f0a833d5d7c386e675813 .av-special-heading-tag .heading-char{\nfont-size:25px;\n}\n.av-special-heading.av-m1597wcx-442417d9527f0a833d5d7c386e675813 .av-subheading{\nfont-size:15px;\n}\n<\/style>\n<div  class='av-special-heading av-m1597wcx-442417d9527f0a833d5d7c386e675813 av-special-heading-h3  avia-builder-el-6  el_before_av_textblock  avia-builder-el-first '><h3 class='av-special-heading-tag'  itemprop=\"headline\"  >Basis Workshops<\/h3><div class=\"special-heading-border\"><div class=\"special-heading-inner-border\"><\/div><\/div><\/div><br \/>\n<section  class='av_textblock_section av-m15979ge-c48d3fcf4a4a0a320c040e7541797688'  itemscope=\"itemscope\" itemtype=\"https:\/\/schema.org\/CreativeWork\" ><div class='avia_textblock'  itemprop=\"text\" ><section class=\"av_textblock_section av-btyay-150bc571d7f59074b904da59323ef8f3\">\n<div class=\"avia_textblock\">\n<p>Diese Workshops richten sich an Teilnehmende, die den Grundlagen Reizkurs beendet haben, aber auch an Clubturnierspieler, die noch einmal die grundlegenden Reizkonzepte wiederholen wollen. Kursort ist jeweils BC N\u00fcrnberg Gesellschaft Museum, Campestr. 10, 90419 N\u00fcrnberg. Die Kursgeb\u00fchren betragen jeweils 10 \u20ac pro Termin inkl. Kaffee, Tee und eines Snacks.<\/p>\n<p>Die Unterlagen zu allen bisherigen Grundlagen-Workshops findet Ihr\u00a0<a href=\"https:\/\/gesellschaft-museum.de\/bridge\/basis-workshops\/\">hier<\/a>.<\/p>\n<ul>\n<li><strong>Revers Reizung<\/strong>\n<ul>\n<li>Was versteht man darunter? Wie unterscheidet man eine schwache von einer starken Weiterreizung des Er\u00f6ffners?<\/li>\n<li>Termin: <strong>Samstag, 6. Dezember<\/strong><strong>\u00a0 10-13 Uhr\u00a0<\/strong><\/li>\n<li>Kursleiter: Bianca &amp; Ulf Bormann<\/li>\n<\/ul>\n<\/li>\n<li><strong>Gegenreizung<\/strong>\n<ul>\n<li>In einer typischen Wettbewerbsreizung bieten oft alle 4 Spieler. Warum passiert das in vielen Boards? Was ist der Unterschied zwischen Gegenreizung und normaler Reizung?<\/li>\n<li>Termin: <strong>Samstag, 31.Januar<\/strong><strong>\u00a0 10-13 Uhr\u00a0<\/strong><\/li>\n<li>Kursleiterin: Bianca Bormann<\/li>\n<\/ul>\n<\/li>\n<li><strong>Regeln &amp; Angriffe<\/strong>\n<ul>\n<li>In der ersten H\u00e4lfte befassen wir uns mit den wichtigsten Regeln, die Euch in einem Clubturnier begegnen. Anschlie\u00dfend besch\u00e4ftigen wir uns damit, welche Karte man wann ausspielen sollte.<\/li>\n<li>Termin: <strong>Samstag, 21.Februar<\/strong><strong>\u00a0 10-13 Uhr\u00a0<\/strong><\/li>\n<li>Kursleiterin: Bianca Bormann<\/li>\n<\/ul>\n<\/li>\n<li><strong>starke Farber\u00f6ffnungen<\/strong>\n<ul>\n<li>Wie er\u00f6ffnen wir H\u00e4nde, die mehr als 19 Figurenpunkte haben? Was antwortet der Partner darauf? Zus\u00e4tzlich gibt es noch einen kurzen Exkurs bzgl. Schlemmreizung.<\/li>\n<li>Termin: <strong>Samstag, 11.April<\/strong><strong>\u00a0 10-13 Uhr\u00a0<\/strong><\/li>\n<li>Kursleiterin: Bianca Bormann<\/li>\n<\/ul>\n<\/li>\n<li><strong>Sans Atout in allen Punktst\u00e4rken\u00a0<\/strong>\n<ul>\n<li>Wie er\u00f6ffnen wir ausgeglichene H\u00e4nde mit mehr als 19 Punkten? Zus\u00e4tzlich wiederholen wir noch die Reizung von ausgeglichenen H\u00e4nden mit 12-19 Punkten.<\/li>\n<li>Termin: <strong>Samstag,30.Mai<\/strong><strong>\u00a0 10-13 Uhr\u00a0<\/strong><\/li>\n<li>Kursleiterin: Bianca Bormann<\/li>\n<\/ul>\n<\/li>\n<li><strong>Informationskontra<\/strong>\n<ul>\n<li>Was versteht man darunter? Warum ist dieses so wichtig? Wie funktioniert die Weiterreizung?<\/li>\n<li>Termin: <strong>Samstag, 27.Juni<\/strong><strong>\u00a0 10-13 Uhr\u00a0<\/strong><\/li>\n<li>Kursleiterin: Bianca Bormann<\/li>\n<\/ul>\n<\/li>\n<\/ul>\n<\/div>\n<\/section>\n<\/div><\/section><br \/>\n\n<style type=\"text\/css\" data-created_by=\"avia_inline_auto\" id=\"style-css-av-m159a074-ee257231f5073b419a08c5d1d953cb95\">\n#top .av-special-heading.av-m159a074-ee257231f5073b419a08c5d1d953cb95{\npadding-bottom:10px;\n}\nbody .av-special-heading.av-m159a074-ee257231f5073b419a08c5d1d953cb95 .av-special-heading-tag .heading-char{\nfont-size:25px;\n}\n.av-special-heading.av-m159a074-ee257231f5073b419a08c5d1d953cb95 .av-subheading{\nfont-size:15px;\n}\n<\/style>\n<div  class='av-special-heading av-m159a074-ee257231f5073b419a08c5d1d953cb95 av-special-heading-h3  avia-builder-el-8  el_after_av_textblock  el_before_av_textblock '><h3 class='av-special-heading-tag'  itemprop=\"headline\"  >Workshops f\u00fcr Clubturnierspieler<\/h3><div class=\"special-heading-border\"><div class=\"special-heading-inner-border\"><\/div><\/div><\/div><br \/>\n<section  class='av_textblock_section av-m1599f4v-3b9d347a39b646f32b978baba7700cd0'  itemscope=\"itemscope\" itemtype=\"https:\/\/schema.org\/CreativeWork\" ><div class='avia_textblock'  itemprop=\"text\" ><section class=\"av_textblock_section av-lxro6cky-9ff99fbab5dc5d4a2109da7ec26faeae\">\n<div class=\"avia_textblock\">\n<p>Diese Workshops richten sich an Teilnehmende, die Erfahrung aus Clubturnieren haben. Kursort ist jeweils BC N\u00fcrnberg Gesellschaft Museum, Campestr. 10, 90419 N\u00fcrnberg. Die Kursgeb\u00fchren betragen jeweils 10 \u20ac pro Termin inkl. Kaffee, Tee und eines Snacks.<\/p>\n<p>Die Unterlagen zu allen bisherigen Workshops f\u00fcr Clubturnierspieler findet Ihr <a href=\"https:\/\/gesellschaft-museum.de\/bridge\/workshops-fuer-clubturnierspieler\/\">hier<\/a>.<\/p>\n<\/div>\n<ul>\n<li><strong>Kontra (Reiztechnik)<\/strong>\n<ul>\n<li>Der Workshop f\u00e4llt leider aus.<\/li>\n<\/ul>\n<\/li>\n<li><strong>Gegenspiel Teil 1<\/strong>\n<ul>\n<li>Die Inhalte\u00a0 aus dem Kurs &#8222;Strategien im Gegenspiel&#8220; werden verfeinert und an typischen Boards ge\u00fcbt.<\/li>\n<li>Termin: <strong>Samstag, 31.Januar<\/strong><strong>\u00a0 10-13 Uhr\u00a0<\/strong><\/li>\n<li>Kursleiter: Ulf Bormann<\/li>\n<\/ul>\n<\/li>\n<li><strong>Wettbewerbsreizung nach 1 SA Er\u00f6ffnungen<\/strong>\n<ul>\n<li>Wir befassen uns mit der Gegenreizung auf 1 SA (Stichwort Multi-Landy) und wie wir reagieren, wenn der Gegner uns in 1 SA kontriert (Stichwort Don\u00b4t). Wie wir reagieren, wenn der Gegner auf 1 SA zwischen reizt, gehen wir nur kurz ein, da dies ein Thema f\u00fcr einen eigenen Workshop w\u00e4re.<\/li>\n<li>Termin: <strong>Samstag, 21.Februar<\/strong><strong>\u00a0 10-13 Uhr\u00a0<\/strong><\/li>\n<li>Kursleiter: Ulf Bormann<\/li>\n<\/ul>\n<\/li>\n<li><strong>2-F\u00e4rber\u00a0<\/strong>\n<ul>\n<li>Wie reizen wir 2-F\u00e4rber, nachdem der Gegner er\u00f6ffnet hat (Stichwort Bamberger \u00dcberruf)? Was ist der Vor- und Nachteil gegen\u00fcber anderen 2-F\u00e4rber Konventionen (Stichworte Michaels, Ghestem)? Wie reagieren wir darauf, wenn der Gegner solche Konventionen verwendet (Stichwort Unusual over Unusual)?<\/li>\n<li>Termin: <strong>Samstag, 30.Mai<\/strong><strong>\u00a0 10-13 Uhr\u00a0<\/strong><\/li>\n<li>Kursleiter: Ulf Bormann<\/li>\n<\/ul>\n<\/li>\n<li><strong>Simple Squeeze &amp; Pseudo Squeeze (Abwurfzwang)<\/strong>\n<ul>\n<li>Der Squeeze gilt als K\u00f6nigsdisziplin der Spieltechniken. Dementsprechend trauen sich viele nicht, diese Spieltechnik zu lernen und zu \u00fcben. Es gibt sehr, sehr viele unterschiedliche Squeeze-Arten, die teilweise ziemlich kompliziert sind. Der sogenannte Simple Squeeze ist aber (wie der Name sagt) wesentlich einfacher, kann auch von Clubturnierspielern beherrscht werden und kommt in der Praxis auch regelm\u00e4\u00dfig vor. Zus\u00e4tzlich f\u00fchrt die dabei gelernte Spieltechnik dazu, das gegnerische Gegenspiel signifikant zu erschweren (Stichwort Pseudo Squeeze).<a class=\"avia-modal-save button button-primary button-large\" href=\"https:\/\/gesellschaft-museum.de\/bridge\/wp-admin\/post.php?post=15087&amp;action=edit#save\">Speichern<\/a><\/li>\n<li>Bei entsprechender Nachfrage werden wir im Herbst einen Folgekurs anbieten, in dem wir die gelernten Techniken anhand von weiteren Boards \u00fcben.<\/li>\n<li>Termin: <strong>Samstag, 27.Juni<\/strong><strong>\u00a0 10-13 Uhr\u00a0<\/strong><\/li>\n<li>Kursleiter: Ulf Bormann<\/li>\n<\/ul>\n<\/li>\n<\/ul>\n<div class=\"avia_textblock\"><\/div>\n<ul>\n<li style=\"list-style-type: none\"><\/li>\n<\/ul>\n<div class=\"avia_textblock\">\n<ul>\n<li style=\"list-style-type: none\"><\/li>\n<\/ul>\n<\/div>\n<\/section>\n<\/div><\/section><\/p><\/div>\n\n<style type=\"text\/css\" data-created_by=\"avia_inline_auto\" id=\"style-css-av-m1592ein-5ec25842927cf58523962d75b0051896\">\n#top .av-special-heading.av-m1592ein-5ec25842927cf58523962d75b0051896{\npadding-bottom:10px;\n}\nbody .av-special-heading.av-m1592ein-5ec25842927cf58523962d75b0051896 .av-special-heading-tag .heading-char{\nfont-size:25px;\n}\n.av-special-heading.av-m1592ein-5ec25842927cf58523962d75b0051896 .av-subheading{\nfont-size:15px;\n}\n<\/style>\n<div  class='av-special-heading av-m1592ein-5ec25842927cf58523962d75b0051896 av-special-heading-h3  avia-builder-el-10  el_after_av_one_full  el_before_av_textblock '><h3 class='av-special-heading-tag'  itemprop=\"headline\"  >Strategien im Gegenspiel<\/h3><div class=\"special-heading-border\"><div class=\"special-heading-inner-border\"><\/div><\/div><\/div>\n<section  class='av_textblock_section av-m1593ig5-40b26c6813553b223f4e235949e6acf7'  itemscope=\"itemscope\" itemtype=\"https:\/\/schema.org\/CreativeWork\" ><div class='avia_textblock'  itemprop=\"text\" ><p>Bei ca. der H\u00e4lfte aller Boards befinden Sie sich auf der Seite der Gegenspieler. Wir besch\u00e4ftigen uns in diesem Kurs daher mit den vielf\u00e4ltigen M\u00f6glichkeiten der Gegenseite, dem Alleinspieler das Leben schwer zu machen. Mit den richtigen Werkzeugen ist das Gegenspiel ebenso herausfordernd und spannend wie das Alleinspiel. Hierzu geh\u00f6ren zun\u00e4chst Vereinbarungen zum Ausspiel und zu Markierungen. Anschlie\u00dfend lernen und \u00fcben wir die wichtigsten Strategien f\u00fcr verschiedene Gegenspiel-Situationen.<\/p>\n<p>Inhaltliche Basis ist das Buch \u201eStrategie im Gegenspiel\u201c von Michael Grom\u00f6ller, das wir zum Selbststudium und zum Nachlesen auch zum Kauf empfehlen (zum Kursbeginn stehen ausreichend Exemplare zur Verf\u00fcgung. Preis: 20,00 \u20ac).<\/p>\n<p>Zielgruppe:<br \/>\nAnf\u00e4nger, die bereits Kurse zu Spiel- und Reiztechnik absolviert und idealerweise erste Turniererfahrung gesammelt haben.<br \/>\nClubspieler, die ihr Gegenspiel verbessern m\u00f6chten.<\/p>\n<p>Leitung: Thomas Pohl<br \/>\nKurs mit 10 Einheiten je 90 Minuten<br \/>\n<u><\/u><\/p>\n<p>Der Kurs 2025 ist beendet, der n\u00e4chste Kurstermin wird rechtzeitig bekannt gegeben.<\/p>\n<\/div><\/section>\n","protected":false},"excerpt":{"rendered":"","protected":false},"author":12,"featured_media":0,"parent":258,"menu_order":18,"comment_status":"closed","ping_status":"closed","template":"","meta":{"inline_featured_image":false},"_links":{"self":[{"href":"https:\/\/gesellschaft-museum.de\/bridge\/wp-json\/wp\/v2\/pages\/15087"}],"collection":[{"href":"https:\/\/gesellschaft-museum.de\/bridge\/wp-json\/wp\/v2\/pages"}],"about":[{"href":"https:\/\/gesellschaft-museum.de\/bridge\/wp-json\/wp\/v2\/types\/page"}],"author":[{"embeddable":true,"href":"https:\/\/gesellschaft-museum.de\/bridge\/wp-json\/wp\/v2\/users\/12"}],"replies":[{"embeddable":true,"href":"https:\/\/gesellschaft-museum.de\/bridge\/wp-json\/wp\/v2\/comments?post=15087"}],"version-history":[{"count":5,"href":"https:\/\/gesellschaft-museum.de\/bridge\/wp-json\/wp\/v2\/pages\/15087\/revisions"}],"predecessor-version":[{"id":17514,"href":"https:\/\/gesellschaft-museum.de\/bridge\/wp-json\/wp\/v2\/pages\/15087\/revisions\/17514"}],"up":[{"embeddable":true,"href":"https:\/\/gesellschaft-museum.de\/bridge\/wp-json\/wp\/v2\/pages\/258"}],"wp:attachment":[{"href":"https:\/\/gesellschaft-museum.de\/bridge\/wp-json\/wp\/v2\/media?parent=15087"}],"curies":[{"name":"wp","href":"https:\/\/api.w.org\/{rel}","templated":true}]}}