{"id":258,"date":"2020-07-20T13:46:39","date_gmt":"2020-07-20T11:46:39","guid":{"rendered":"https:\/\/gmuseum.de\/bridge\/?page_id=258"},"modified":"2025-04-07T17:52:03","modified_gmt":"2025-04-07T15:52:03","slug":"bridge-lernen","status":"publish","type":"page","link":"https:\/\/gesellschaft-museum.de\/bridge\/bridge-lernen\/","title":{"rendered":"Bridge lernen"},"content":{"rendered":"<div id='av_section_1'  class='avia-section av-kiyls39s-a265dc9b83fb48aba43034cfdff6beb5 main_color avia-section-default avia-shadow  avia-builder-el-0  el_before_av_one_full  avia-builder-el-first  avia-bg-style-scroll container_wrap sidebar_right'  ><div class='container av-section-cont-open' ><main  role=\"main\" itemprop=\"mainContentOfPage\"  class='template-page content  av-content-small alpha units'><div class='post-entry post-entry-type-page post-entry-258'><div class='entry-content-wrapper clearfix'>\n\n<style type=\"text\/css\" data-created_by=\"avia_inline_auto\" id=\"style-css-av-6p2nd-27f03aa789899e57e2db84cabf13ee49\">\n.flex_column.av-6p2nd-27f03aa789899e57e2db84cabf13ee49{\nborder-radius:0px 0px 0px 0px;\n-webkit-border-radius:0px 0px 0px 0px;\n-moz-border-radius:0px 0px 0px 0px;\n}\n<\/style>\n<div class='flex_column av-6p2nd-27f03aa789899e57e2db84cabf13ee49 av_three_fourth  avia-builder-el-1  el_before_av_one_fourth  avia-builder-el-first  first flex_column_div av-zero-column-padding '   ><p>\n<style type=\"text\/css\" data-created_by=\"avia_inline_auto\" id=\"style-css-av-96pai-0fdeb4eb306a73ca0d29c4ad869a9230\">\n#top .av-special-heading.av-96pai-0fdeb4eb306a73ca0d29c4ad869a9230{\npadding-bottom:10px;\n}\nbody .av-special-heading.av-96pai-0fdeb4eb306a73ca0d29c4ad869a9230 .av-special-heading-tag .heading-char{\nfont-size:25px;\n}\n.av-special-heading.av-96pai-0fdeb4eb306a73ca0d29c4ad869a9230 .av-subheading{\nfont-size:15px;\n}\n<\/style>\n<div  class='av-special-heading av-96pai-0fdeb4eb306a73ca0d29c4ad869a9230 av-special-heading-h2 blockquote modern-quote  avia-builder-el-2  el_before_av_textblock  avia-builder-el-first '><div class='av-subheading av-subheading_above'><p>Unterricht wird bei uns GROSSGESCHRIEBEN<\/p>\n<\/div><h2 class='av-special-heading-tag'  itemprop=\"headline\"  >Unterricht f\u00fcr Anf\u00e4nger bis Profis<\/h2><div class=\"special-heading-border\"><div class=\"special-heading-inner-border\"><\/div><\/div><\/div><br \/>\n<section  class='av_textblock_section av-kcug16zn-2-56b3e01441c6ce348e15cd979e25dbd3'  itemscope=\"itemscope\" itemtype=\"https:\/\/schema.org\/CreativeWork\" ><div class='avia_textblock'  itemprop=\"text\" ><p><strong>Bridge ist das faszinierendste Kartenspiel der Welt! Ob anspruchsvolle und gesellige Freizeitbesch\u00e4ftigung oder organisierter Geistessport: Bridge, dieses spannende und sehr kommunikative Spiel, bringt Menschen jeder Altersstufe zusammen und bietet Spa\u00df am Kartenspiel pur! Um mit dem Bridgespielen beginnen zu k\u00f6nnen, ben\u00f6tigen Sie ebendiesen Spa\u00df am Kartenspielen und ein wenig Interesse an Taktik und Strategie.<\/strong><\/p>\n<\/div><\/section><\/p><\/div>\n<style type=\"text\/css\" data-created_by=\"avia_inline_auto\" id=\"style-css-av-evz5t-3a35c6c63d816d3581cf53d06d457430\">\n.flex_column.av-evz5t-3a35c6c63d816d3581cf53d06d457430{\nborder-radius:0px 0px 0px 0px;\n-webkit-border-radius:0px 0px 0px 0px;\n-moz-border-radius:0px 0px 0px 0px;\n}\n<\/style>\n<div class='flex_column av-evz5t-3a35c6c63d816d3581cf53d06d457430 av_one_fourth  avia-builder-el-4  el_after_av_three_fourth  avia-builder-el-last  flex_column_div av-zero-column-padding '   ><\/div>\n<\/div><\/div><\/main><!-- close content main element --><\/div><\/div><div id='after_section_1'  class='main_color av_default_container_wrap container_wrap sidebar_right'  ><div class='container av-section-cont-open' ><div class='template-page content  av-content-small alpha units'><div class='post-entry post-entry-type-page post-entry-258'><div class='entry-content-wrapper clearfix'>\n<div class='flex_column av-bwbya-b7008e7bb5ff21d392041aaf34d183e9 av_one_full  avia-builder-el-5  el_after_av_section  el_before_av_one_half  avia-builder-el-first  first flex_column_div '   ><section  class='av_textblock_section av-ljpgm68b-86d821aeb3fe2955511b82e993ed10cc'  itemscope=\"itemscope\" itemtype=\"https:\/\/schema.org\/CreativeWork\" ><div class='avia_textblock'  itemprop=\"text\" ><h3><strong>&#8222;Learning by Doing&#8220; ist das Motto unserer Kurse<\/strong><\/h3>\n<p>Sie spielen vielleicht nicht von der ersten Minute an. 2-3 Minuten brauchen wir schon f\u00fcr eine grundlegende Erkl\u00e4rung. Aber nach sp\u00e4testens 5 Minuten spielen Sie Ihre erste Bridgepartie. So lernen Sie spielerisch nach und nach unser faszinierendes Hobby kennen. Bridge lernen bedeutet Spa\u00df haben. Eine Unterrichtsstunde ist nur dann eine gute Unterrichtsstunde, wenn auch viel gelacht wird. Unsere Einsteigerkurse finden Sie unter\u00a0<a href=\"https:\/\/gesellschaft-museum.de\/bridge\/bridge-lernen\/anfaengerkurse\/\">Kursprogramm.<\/a><\/p>\n<p>Einen interaktiven Einblick in das Bridge-Spiel liefert Ihnen <a href=\"https:\/\/gesellschaft-museum.de\/bridge\/eine-einfuehrung-in-bridge\/\" target=\"_blank\" rel=\"noopener\">eine Einf\u00fchrung in Bridge<\/a><\/p>\n<p>Sehr empfehlen k\u00f6nnen wir den YouTube Kanal, den unser Vereinsmitglied Milan Schirowski f\u00fchrt. Unter\u00a0<a href=\"https:\/\/www.youtube.com\/@BridgemitMilan\/playlists\" target=\"_blank\" rel=\"noopener\">Bridge mit Milan<\/a> finden Sie tolle Videos und Tutorials zu unserem Hobby.<\/p>\n<p>Als schneller Einstieg hilft Ihnen auch diese kleine Brosch\u00fcre des Deutschen Bridge-Verbands: <a class=\"gm-icon gm-download\" href=\"https:\/\/gesellschaft-museum.de\/bridge\/wp-content\/uploads\/sites\/2\/Bridge-in-10-Minuten.pdf\" target=\"_blank\" rel=\"noopener\">Bridge in 10 Minuten<\/a> (PDF \/ 239 KB)<\/p>\n<p>Einen noch besseren Eindruck bekommen Sie bei einem unserer Schnuppertermine. Um dann auch Bridge zu lernen, empfiehlt es sich, einen Einsteigerkurs Spieltechnik und anschlie\u00dfend einen Grundlagenkurs Reiztechnik zu besuchen. \u00dcber die Links auf der rechten Seite finden Sie die entsprechende Termine f\u00fcr unsere Anf\u00e4ngerkurse und Aufbaukurse.<\/p>\n<\/div><\/section><\/div><div class='flex_column av-9rtbm-5712a808c34aaee94e9cc50e9e128933 av_one_half  avia-builder-el-7  el_after_av_one_full  el_before_av_one_half  first flex_column_div column-top-margin'   ><p>\n<style type=\"text\/css\" data-created_by=\"avia_inline_auto\" id=\"style-css-av-lb7zwo6t-62cd4d1d9d1f865ad45f65d8ee5377e1\">\n.avia-image-container.av-lb7zwo6t-62cd4d1d9d1f865ad45f65d8ee5377e1 .av-image-caption-overlay-center{\ncolor:#ffffff;\n}\n<\/style>\n<div  class='avia-image-container av-lb7zwo6t-62cd4d1d9d1f865ad45f65d8ee5377e1 av-styling- avia-align-center  avia-builder-el-8  el_before_av_textblock  avia-builder-el-first '  itemprop=\"image\" itemscope=\"itemscope\" itemtype=\"https:\/\/schema.org\/ImageObject\" ><div class=\"avia-image-container-inner\"><div class=\"avia-image-overlay-wrap\"><img class='wp-image-11194 avia-img-lazy-loading-not-11194 avia_image' src=\"https:\/\/gesellschaft-museum.de\/bridge\/wp-content\/uploads\/sites\/2\/20221123_175010-1-300x225.jpg\" alt='' title='20221123_175010'  height=\"225\" width=\"300\"  itemprop=\"thumbnailUrl\" srcset=\"https:\/\/gesellschaft-museum.de\/bridge\/wp-content\/uploads\/sites\/2\/20221123_175010-1-300x225.jpg 300w, https:\/\/gesellschaft-museum.de\/bridge\/wp-content\/uploads\/sites\/2\/20221123_175010-1-1030x773.jpg 1030w, https:\/\/gesellschaft-museum.de\/bridge\/wp-content\/uploads\/sites\/2\/20221123_175010-1-768x576.jpg 768w, https:\/\/gesellschaft-museum.de\/bridge\/wp-content\/uploads\/sites\/2\/20221123_175010-1-1536x1152.jpg 1536w, https:\/\/gesellschaft-museum.de\/bridge\/wp-content\/uploads\/sites\/2\/20221123_175010-1-2048x1536.jpg 2048w, https:\/\/gesellschaft-museum.de\/bridge\/wp-content\/uploads\/sites\/2\/20221123_175010-1-1500x1125.jpg 1500w, https:\/\/gesellschaft-museum.de\/bridge\/wp-content\/uploads\/sites\/2\/20221123_175010-1-705x529.jpg 705w\" sizes=\"(max-width: 300px) 100vw, 300px\" \/><\/div><\/div><\/div><br \/>\n<section  class='av_textblock_section av-lb7zxe4u-5c2e8a622f66a5a79940c9a5be0fc908'  itemscope=\"itemscope\" itemtype=\"https:\/\/schema.org\/CreativeWork\" ><div class='avia_textblock'  itemprop=\"text\" ><p style=\"text-align: center\">Spielen (fast) von der ersten Minute an.<\/p>\n<\/div><\/section><\/p><\/div><\/p>\n<div class='flex_column av-9j41u-d23a0a762abb940e37290ca312973441 av_one_half  avia-builder-el-10  el_after_av_one_half  avia-builder-el-last  flex_column_div column-top-margin'   ><p>\n<style type=\"text\/css\" data-created_by=\"avia_inline_auto\" id=\"style-css-av-lb800gku-0f6a1c538b716740c5c327d5e103cd58\">\n.avia-image-container.av-lb800gku-0f6a1c538b716740c5c327d5e103cd58 .av-image-caption-overlay-center{\ncolor:#ffffff;\n}\n<\/style>\n<div  class='avia-image-container av-lb800gku-0f6a1c538b716740c5c327d5e103cd58 av-styling- avia-align-center  avia-builder-el-11  el_before_av_textblock  avia-builder-el-first '  itemprop=\"image\" itemscope=\"itemscope\" itemtype=\"https:\/\/schema.org\/ImageObject\" ><div class=\"avia-image-container-inner\"><div class=\"avia-image-overlay-wrap\"><img class='wp-image-11195 avia-img-lazy-loading-not-11195 avia_image' src=\"https:\/\/gesellschaft-museum.de\/bridge\/wp-content\/uploads\/sites\/2\/20221123_180341-300x225.jpg\" alt='' title='20221123_180341'  height=\"225\" width=\"300\"  itemprop=\"thumbnailUrl\" srcset=\"https:\/\/gesellschaft-museum.de\/bridge\/wp-content\/uploads\/sites\/2\/20221123_180341-300x225.jpg 300w, https:\/\/gesellschaft-museum.de\/bridge\/wp-content\/uploads\/sites\/2\/20221123_180341-1030x773.jpg 1030w, https:\/\/gesellschaft-museum.de\/bridge\/wp-content\/uploads\/sites\/2\/20221123_180341-768x576.jpg 768w, https:\/\/gesellschaft-museum.de\/bridge\/wp-content\/uploads\/sites\/2\/20221123_180341-1536x1152.jpg 1536w, https:\/\/gesellschaft-museum.de\/bridge\/wp-content\/uploads\/sites\/2\/20221123_180341-2048x1536.jpg 2048w, https:\/\/gesellschaft-museum.de\/bridge\/wp-content\/uploads\/sites\/2\/20221123_180341-1500x1125.jpg 1500w, https:\/\/gesellschaft-museum.de\/bridge\/wp-content\/uploads\/sites\/2\/20221123_180341-705x529.jpg 705w\" sizes=\"(max-width: 300px) 100vw, 300px\" \/><\/div><\/div><\/div><br \/>\n<section  class='av_textblock_section av-lb801fjr-704482ef029f6fa6175fc3ee16dc91e3'  itemscope=\"itemscope\" itemtype=\"https:\/\/schema.org\/CreativeWork\" ><div class='avia_textblock'  itemprop=\"text\" ><p style=\"text-align: center\">Besprechung der Partien unter Einsatz unterschiedlicher Medien.<\/p>\n<\/div><\/section><\/p><\/div>\n","protected":false},"excerpt":{"rendered":"","protected":false},"author":12,"featured_media":0,"parent":0,"menu_order":17,"comment_status":"closed","ping_status":"closed","template":"","meta":{"inline_featured_image":false},"_links":{"self":[{"href":"https:\/\/gesellschaft-museum.de\/bridge\/wp-json\/wp\/v2\/pages\/258"}],"collection":[{"href":"https:\/\/gesellschaft-museum.de\/bridge\/wp-json\/wp\/v2\/pages"}],"about":[{"href":"https:\/\/gesellschaft-museum.de\/bridge\/wp-json\/wp\/v2\/types\/page"}],"author":[{"embeddable":true,"href":"https:\/\/gesellschaft-museum.de\/bridge\/wp-json\/wp\/v2\/users\/12"}],"replies":[{"embeddable":true,"href":"https:\/\/gesellschaft-museum.de\/bridge\/wp-json\/wp\/v2\/comments?post=258"}],"version-history":[{"count":6,"href":"https:\/\/gesellschaft-museum.de\/bridge\/wp-json\/wp\/v2\/pages\/258\/revisions"}],"predecessor-version":[{"id":15848,"href":"https:\/\/gesellschaft-museum.de\/bridge\/wp-json\/wp\/v2\/pages\/258\/revisions\/15848"}],"wp:attachment":[{"href":"https:\/\/gesellschaft-museum.de\/bridge\/wp-json\/wp\/v2\/media?parent=258"}],"curies":[{"name":"wp","href":"https:\/\/api.w.org\/{rel}","templated":true}]}}