{"id":529,"date":"2020-08-06T15:09:42","date_gmt":"2020-08-06T13:09:42","guid":{"rendered":"https:\/\/gmuseum.de\/bridge\/?page_id=529"},"modified":"2026-01-16T07:54:33","modified_gmt":"2026-01-16T06:54:33","slug":"mitglied-werden","status":"publish","type":"page","link":"https:\/\/gesellschaft-museum.de\/bridge\/mitglied-werden\/","title":{"rendered":"Mitglied werden"},"content":{"rendered":"<div id='av_section_1'  class='avia-section av-kiyls39s-a265dc9b83fb48aba43034cfdff6beb5 main_color avia-section-default avia-shadow  avia-builder-el-0  el_before_av_one_full  avia-builder-el-first  avia-bg-style-scroll container_wrap sidebar_right'  ><div class='container av-section-cont-open' ><main  role=\"main\" itemprop=\"mainContentOfPage\"  class='template-page content  av-content-small alpha units'><div class='post-entry post-entry-type-page post-entry-529'><div class='entry-content-wrapper clearfix'>\n<style type=\"text\/css\" data-created_by=\"avia_inline_auto\" id=\"style-css-av-6p2nd-27f03aa789899e57e2db84cabf13ee49\">\n.flex_column.av-6p2nd-27f03aa789899e57e2db84cabf13ee49{\nborder-radius:0px 0px 0px 0px;\n-webkit-border-radius:0px 0px 0px 0px;\n-moz-border-radius:0px 0px 0px 0px;\n}\n<\/style>\n<div class='flex_column av-6p2nd-27f03aa789899e57e2db84cabf13ee49 av_three_fourth  avia-builder-el-1  el_before_av_one_fourth  avia-builder-el-first  first flex_column_div av-zero-column-padding '   ><p>\n<style type=\"text\/css\" data-created_by=\"avia_inline_auto\" id=\"style-css-av-kkclcii6-294ecc830560a25d504845f4b142a9b9\">\n#top .av-special-heading.av-kkclcii6-294ecc830560a25d504845f4b142a9b9{\npadding-bottom:10px;\n}\nbody .av-special-heading.av-kkclcii6-294ecc830560a25d504845f4b142a9b9 .av-special-heading-tag .heading-char{\nfont-size:25px;\n}\n.av-special-heading.av-kkclcii6-294ecc830560a25d504845f4b142a9b9 .av-subheading{\nfont-size:15px;\n}\n<\/style>\n<div  class='av-special-heading av-kkclcii6-294ecc830560a25d504845f4b142a9b9 av-special-heading-h2 blockquote modern-quote  avia-builder-el-2  el_before_av_textblock  avia-builder-el-first '><div class='av-subheading av-subheading_above'><p>Bridgeabteilung &#8211; Gesellschaft Museum<\/p>\n<\/div><h2 class='av-special-heading-tag'  itemprop=\"headline\"  >Werden Sie Mitglied bei uns<\/h2><div class=\"special-heading-border\"><div class=\"special-heading-inner-border\"><\/div><\/div><\/div><br \/>\n<section  class='av_textblock_section av-kiylxlvh-8501bb40925264809dde92861e038552'  itemscope=\"itemscope\" itemtype=\"https:\/\/schema.org\/CreativeWork\" ><div class='avia_textblock'  itemprop=\"text\" ><p><strong>Bridge ist das faszinierendste Kartenspiel der Welt! Ob anspruchsvolle und gesellige Freizeitbesch\u00e4ftigung oder organisierter Geistessport: Bei uns sind Sie hier an der richtigen Adresse.<\/strong><\/p>\n<\/div><\/section><\/p><\/div>\n<style type=\"text\/css\" data-created_by=\"avia_inline_auto\" id=\"style-css-av-evz5t-3a35c6c63d816d3581cf53d06d457430\">\n.flex_column.av-evz5t-3a35c6c63d816d3581cf53d06d457430{\nborder-radius:0px 0px 0px 0px;\n-webkit-border-radius:0px 0px 0px 0px;\n-moz-border-radius:0px 0px 0px 0px;\n}\n<\/style>\n<div class='flex_column av-evz5t-3a35c6c63d816d3581cf53d06d457430 av_one_fourth  avia-builder-el-4  el_after_av_three_fourth  avia-builder-el-last  flex_column_div av-zero-column-padding '   ><\/div><\/div><\/div><\/main><!-- close content main element --><\/div><\/div><div id='after_section_1'  class='main_color av_default_container_wrap container_wrap sidebar_right'  ><div class='container av-section-cont-open' ><div class='template-page content  av-content-small alpha units'><div class='post-entry post-entry-type-page post-entry-529'><div class='entry-content-wrapper clearfix'>\r\n\n<style type=\"text\/css\" data-created_by=\"avia_inline_auto\" id=\"style-css-av-p5n15-c0c124629993bcc838fc22ea754a043f\">\n.flex_column.av-p5n15-c0c124629993bcc838fc22ea754a043f{\nborder-radius:0px 0px 0px 0px;\n-webkit-border-radius:0px 0px 0px 0px;\n-moz-border-radius:0px 0px 0px 0px;\n}\n<\/style>\n<div class='flex_column av-p5n15-c0c124629993bcc838fc22ea754a043f av_one_full  avia-builder-el-5  el_after_av_section  el_before_av_one_full  avia-builder-el-first  first flex_column_div av-zero-column-padding '   ><p>\n<style type=\"text\/css\" data-created_by=\"avia_inline_auto\" id=\"style-css-av-7uhe1-491f240a99e733f9d634096f93f56975\">\n#top .av-special-heading.av-7uhe1-491f240a99e733f9d634096f93f56975{\npadding-bottom:10px;\n}\nbody .av-special-heading.av-7uhe1-491f240a99e733f9d634096f93f56975 .av-special-heading-tag .heading-char{\nfont-size:25px;\n}\n.av-special-heading.av-7uhe1-491f240a99e733f9d634096f93f56975 .av-subheading{\nfont-size:15px;\n}\n<\/style>\n<div  class='av-special-heading av-7uhe1-491f240a99e733f9d634096f93f56975 av-special-heading-h2 blockquote modern-quote  avia-builder-el-6  el_before_av_textblock  avia-builder-el-first '><div class='av-subheading av-subheading_above'><p>Gesellschaft Museum<\/p>\n<\/div><h2 class='av-special-heading-tag'  itemprop=\"headline\"  >Basis-Mitgliedschaft<\/h2><div class=\"special-heading-border\"><div class=\"special-heading-inner-border\"><\/div><\/div><\/div><br \/>\n<section  class='av_textblock_section av-lxwd5-4c133a6c29fa1116d5c8f4cb2d5e4f3b'  itemscope=\"itemscope\" itemtype=\"https:\/\/schema.org\/CreativeWork\" ><div class='avia_textblock'  itemprop=\"text\" ><p>Mit dem Eintritt in die Bridgeabteilung ist die Basis-Mitgliedschaft in der Gesellschaft Museum verbunden. Damit profitieren Sie zus\u00e4tzlich von den Leistungen, die in dem <a href=\"https:\/\/gesellschaft-museum.de\/kultur\/mitglied-werden\">Kulturbereich<\/a> angeboten werden.<\/p>\n<p>In der Jahresgeb\u00fchr von 60,00\u20ac pro Person sind F\u00fchrungen, kulturelle Veranstaltungen und Ausfl\u00fcge kostenfrei oder gegen einen geringen Beitrag enthalten.<\/p>\n<\/div><\/section><\/p><\/div>\r\n\n<style type=\"text\/css\" data-created_by=\"avia_inline_auto\" id=\"style-css-av-p5n15-6-01f3a95e48323bcfdf863c6b87c85531\">\n.flex_column.av-p5n15-6-01f3a95e48323bcfdf863c6b87c85531{\nborder-radius:0px 0px 0px 0px;\n-webkit-border-radius:0px 0px 0px 0px;\n-moz-border-radius:0px 0px 0px 0px;\n}\n<\/style>\n<div class='flex_column av-p5n15-6-01f3a95e48323bcfdf863c6b87c85531 av_one_full  avia-builder-el-8  el_after_av_one_full  el_before_av_one_full  first flex_column_div av-zero-column-padding column-top-margin'   ><p>\n<style type=\"text\/css\" data-created_by=\"avia_inline_auto\" id=\"style-css-av-7ssfl-a3ec27686ad96ec00f83bdc648d1df79\">\n#top .av-special-heading.av-7ssfl-a3ec27686ad96ec00f83bdc648d1df79{\npadding-bottom:10px;\n}\nbody .av-special-heading.av-7ssfl-a3ec27686ad96ec00f83bdc648d1df79 .av-special-heading-tag .heading-char{\nfont-size:25px;\n}\n.av-special-heading.av-7ssfl-a3ec27686ad96ec00f83bdc648d1df79 .av-subheading{\nfont-size:15px;\n}\n<\/style>\n<div  class='av-special-heading av-7ssfl-a3ec27686ad96ec00f83bdc648d1df79 av-special-heading-h2 blockquote modern-quote  avia-builder-el-9  el_before_av_textblock  avia-builder-el-first '><div class='av-subheading av-subheading_above'><p>Erweiterte Mitgliedschaft<\/p>\n<\/div><h2 class='av-special-heading-tag'  itemprop=\"headline\"  >Bridge-Mitgliedschaft<\/h2><div class=\"special-heading-border\"><div class=\"special-heading-inner-border\"><\/div><\/div><\/div><br \/>\n<section  class='av_textblock_section av-lxwd5-5-7b999e64f9ba315cec1811f089165f6f'  itemscope=\"itemscope\" itemtype=\"https:\/\/schema.org\/CreativeWork\" ><div class='avia_textblock'  itemprop=\"text\" ><p><!-- \/wp:paragraph --><\/p>\n<p>Der Jahresbeitrag f\u00fcr die Mitgliedschaft in der Bridgeabteilung betr\u00e4gt 20 \u20ac. F\u00fcr die Mitgliedschaft im Deutschen Bridgeverband (DBV) werden bei Erstmitgliedern zus\u00e4tzlich 30 \u20ac erhoben.<\/p>\n<p><!-- \/wp:paragraph --><\/p>\n<p><!-- wp:heading --><\/p>\n<p><!-- \/wp:list --><\/p>\n<\/div><\/section><\/p><\/div>\n<style type=\"text\/css\" data-created_by=\"avia_inline_auto\" id=\"style-css-av-p5n15-4-7d6cd57608dc4362d951d1e28ff0bc19\">\n.flex_column.av-p5n15-4-7d6cd57608dc4362d951d1e28ff0bc19{\nborder-radius:0px 0px 0px 0px;\n-webkit-border-radius:0px 0px 0px 0px;\n-moz-border-radius:0px 0px 0px 0px;\n}\n<\/style>\n<div class='flex_column av-p5n15-4-7d6cd57608dc4362d951d1e28ff0bc19 av_one_full  avia-builder-el-11  el_after_av_one_full  el_before_av_one_full  first flex_column_div av-zero-column-padding column-top-margin'   ><p>\n<style type=\"text\/css\" data-created_by=\"avia_inline_auto\" id=\"style-css-av-9p1zt-7211180eacad9e2de48fa48a4195d8bc\">\n#top .av-special-heading.av-9p1zt-7211180eacad9e2de48fa48a4195d8bc{\npadding-bottom:30px;\n}\nbody .av-special-heading.av-9p1zt-7211180eacad9e2de48fa48a4195d8bc .av-special-heading-tag .heading-char{\nfont-size:25px;\n}\n.av-special-heading.av-9p1zt-7211180eacad9e2de48fa48a4195d8bc .av-subheading{\nfont-size:15px;\n}\n<\/style>\n<div  class='av-special-heading av-9p1zt-7211180eacad9e2de48fa48a4195d8bc av-special-heading-h2 blockquote modern-quote  avia-builder-el-12  el_before_av_textblock  avia-builder-el-first '><div class='av-subheading av-subheading_above'><p>Bridgeabteilung<\/p>\n<\/div><h2 class='av-special-heading-tag'  itemprop=\"headline\"  >Bonus-Programme<\/h2><div class=\"special-heading-border\"><div class=\"special-heading-inner-border\"><\/div><\/div><\/div><br \/>\n<section  class='av_textblock_section av-lxwd5-3-e34a178f125afbe965950a51486ce9b0'  itemscope=\"itemscope\" itemtype=\"https:\/\/schema.org\/CreativeWork\" ><div class='avia_textblock'  itemprop=\"text\" ><h3>Reduzierter Jahresbeitrag<\/h3>\n<p>Bei einem Eintritt im laufenden Kalenderjahr reduzieren sich die Jahresbeitr\u00e4ge anteilig zur Anzahl der noch ausstehenden Monate. Bei einem Eintritt z.B. im Juli betr\u00e4gt der Mitgliedsbeitrag f\u00fcr die restlichen 6 Monate dementsprechend 50% des gesamten Jahresbeitrags.<\/p>\n<h3>Neumitgliederf\u00f6rderung<\/h3>\n<p>Jedes Mitglied, das erstmalig in unseren Club eintritt, kann in den ersten 8 Wochen nach seinem Eintritt <strong>kostenlos an unseren Clubturnieren<\/strong> teilnehmen.<\/p>\n<h3>Jugendf\u00f6rderung<\/h3>\n<p>F\u00fcr Sch\u00fcler und Studenten betr\u00e4gt der Jahresbeitrag f\u00fcr die Mitgliedschaft in der Gesellschaft Museum und in der Bridgeabteilung 20 \u20ac. <strong>Der Mitgliedsbeitrag im DBV wird von der Bridgeabteilung \u00fcbernommen.<\/strong><\/p>\n<\/div><\/section><\/p><\/div><\/p>\r\n\n<style type=\"text\/css\" data-created_by=\"avia_inline_auto\" id=\"style-css-av-p5n15-2-e1d8020fd54b5493fe52f6a6a74f9bfe\">\n.flex_column.av-p5n15-2-e1d8020fd54b5493fe52f6a6a74f9bfe{\nborder-radius:0px 0px 0px 0px;\n-webkit-border-radius:0px 0px 0px 0px;\n-moz-border-radius:0px 0px 0px 0px;\n}\n<\/style>\n<div class='flex_column av-p5n15-2-e1d8020fd54b5493fe52f6a6a74f9bfe av_one_full  avia-builder-el-14  el_after_av_one_full  avia-builder-el-last  first flex_column_div av-zero-column-padding column-top-margin'   ><p>\n<style type=\"text\/css\" data-created_by=\"avia_inline_auto\" id=\"style-css-av-10pe9-75f32322a0997bc078ba373cd5262453\">\n#top .av-special-heading.av-10pe9-75f32322a0997bc078ba373cd5262453{\npadding-bottom:10px;\n}\nbody .av-special-heading.av-10pe9-75f32322a0997bc078ba373cd5262453 .av-special-heading-tag .heading-char{\nfont-size:25px;\npadding-bottom:10px;\n}\n.av-special-heading.av-10pe9-75f32322a0997bc078ba373cd5262453 .av-subheading{\nfont-size:15px;\n}\n<\/style>\n<div  class='av-special-heading av-10pe9-75f32322a0997bc078ba373cd5262453 av-special-heading-h2 blockquote elegant-quote elegant-centered  avia-builder-el-15  el_before_av_textblock  avia-builder-el-first  av-icon'><h2 class='av-special-heading-tag'  itemprop=\"headline\"  ><span class='heading-char avia-font-entypo-fontello' aria-hidden='true' data-av_icon='\ue82d' data-av_iconfont='entypo-fontello'><\/span><span class=\"heading-wrap\">Downloads<\/span><\/h2><div class=\"special-heading-border\"><div class=\"special-heading-inner-border\"><\/div><\/div><\/div><br \/>\n<section  class='av_textblock_section av-lxwd5-1-69b31c455fd1a9f95c4285bbdf365b10'  itemscope=\"itemscope\" itemtype=\"https:\/\/schema.org\/CreativeWork\" ><div class='avia_textblock gm-nostyle gm-margin-l-0'  itemprop=\"text\" ><p><a class=\"gm-icon gm-download\" href=\"https:\/\/gesellschaft-museum.de\/bridge\/wp-content\/uploads\/sites\/2\/BC-Nuernberg-Gesellschaft-Museum-Aufnahmeantrag.pdf\" target=\"_blank\" rel=\"noopener\">Aufnahmeantrag Bridge<\/a> (PDF \/ 227 KB)<br \/><a class=\"gm-icon gm-download\" href=\"https:\/\/gesellschaft-museum.de\/wp-content\/uploads\/medien\/Satzung-Gesellschaft-Museum.pdf\" target=\"_blank\" rel=\"noopener\">Satzung der Gesellschaft Museum<\/a> (PDF \/ 1,7 MB)<\/p>\n<\/div><\/section><\/p><\/div>","protected":false},"excerpt":{"rendered":"","protected":false},"author":12,"featured_media":0,"parent":0,"menu_order":16,"comment_status":"closed","ping_status":"closed","template":"","meta":{"inline_featured_image":false},"_links":{"self":[{"href":"https:\/\/gesellschaft-museum.de\/bridge\/wp-json\/wp\/v2\/pages\/529"}],"collection":[{"href":"https:\/\/gesellschaft-museum.de\/bridge\/wp-json\/wp\/v2\/pages"}],"about":[{"href":"https:\/\/gesellschaft-museum.de\/bridge\/wp-json\/wp\/v2\/types\/page"}],"author":[{"embeddable":true,"href":"https:\/\/gesellschaft-museum.de\/bridge\/wp-json\/wp\/v2\/users\/12"}],"replies":[{"embeddable":true,"href":"https:\/\/gesellschaft-museum.de\/bridge\/wp-json\/wp\/v2\/comments?post=529"}],"version-history":[{"count":5,"href":"https:\/\/gesellschaft-museum.de\/bridge\/wp-json\/wp\/v2\/pages\/529\/revisions"}],"predecessor-version":[{"id":17406,"href":"https:\/\/gesellschaft-museum.de\/bridge\/wp-json\/wp\/v2\/pages\/529\/revisions\/17406"}],"wp:attachment":[{"href":"https:\/\/gesellschaft-museum.de\/bridge\/wp-json\/wp\/v2\/media?parent=529"}],"curies":[{"name":"wp","href":"https:\/\/api.w.org\/{rel}","templated":true}]}}