{"id":808,"date":"2020-08-11T11:51:10","date_gmt":"2020-08-11T09:51:10","guid":{"rendered":"https:\/\/gmuseum.de\/bridge\/?page_id=808"},"modified":"2025-12-04T13:34:13","modified_gmt":"2025-12-04T12:34:13","slug":"turnierleitung-und-mischdienste","status":"publish","type":"page","link":"https:\/\/gesellschaft-museum.de\/bridge\/turniere\/turnierleitung-und-mischdienste\/","title":{"rendered":"Turnierleitung und Mischdienste"},"content":{"rendered":"<div id='av_section_1'  class='avia-section av-kiyls39s-a265dc9b83fb48aba43034cfdff6beb5 main_color avia-section-default avia-shadow  avia-builder-el-0  el_before_av_one_full  avia-builder-el-first  avia-bg-style-scroll container_wrap sidebar_right'  ><div class='container av-section-cont-open' ><main  role=\"main\" itemprop=\"mainContentOfPage\"  class='template-page content  av-content-small alpha units'><div class='post-entry post-entry-type-page post-entry-808'><div class='entry-content-wrapper clearfix'>\n\n<style type=\"text\/css\" data-created_by=\"avia_inline_auto\" id=\"style-css-av-6p2nd-27f03aa789899e57e2db84cabf13ee49\">\n.flex_column.av-6p2nd-27f03aa789899e57e2db84cabf13ee49{\nborder-radius:0px 0px 0px 0px;\n-webkit-border-radius:0px 0px 0px 0px;\n-moz-border-radius:0px 0px 0px 0px;\n}\n<\/style>\n<div class='flex_column av-6p2nd-27f03aa789899e57e2db84cabf13ee49 av_three_fourth  avia-builder-el-1  el_before_av_one_fourth  avia-builder-el-first  first flex_column_div av-zero-column-padding '   ><style type=\"text\/css\" data-created_by=\"avia_inline_auto\" id=\"style-css-av-kknvpq93-35a38bae3e067eba654d7185aef14b0f\">\n#top .av-special-heading.av-kknvpq93-35a38bae3e067eba654d7185aef14b0f{\npadding-bottom:10px;\n}\nbody .av-special-heading.av-kknvpq93-35a38bae3e067eba654d7185aef14b0f .av-special-heading-tag .heading-char{\nfont-size:25px;\n}\n.av-special-heading.av-kknvpq93-35a38bae3e067eba654d7185aef14b0f .av-subheading{\nfont-size:15px;\n}\n<\/style>\n<div  class='av-special-heading av-kknvpq93-35a38bae3e067eba654d7185aef14b0f av-special-heading-h2 blockquote modern-quote  avia-builder-el-2  avia-builder-el-no-sibling '><div class='av-subheading av-subheading_above'><p>Bridgeabteilung &#8211; Gesellschaft Museum<\/p>\n<\/div><h2 class='av-special-heading-tag'  itemprop=\"headline\"  >Zust\u00e4ndigkeiten Turniere<\/h2><div class=\"special-heading-border\"><div class=\"special-heading-inner-border\"><\/div><\/div><\/div><\/div>\n<style type=\"text\/css\" data-created_by=\"avia_inline_auto\" id=\"style-css-av-evz5t-3a35c6c63d816d3581cf53d06d457430\">\n.flex_column.av-evz5t-3a35c6c63d816d3581cf53d06d457430{\nborder-radius:0px 0px 0px 0px;\n-webkit-border-radius:0px 0px 0px 0px;\n-moz-border-radius:0px 0px 0px 0px;\n}\n<\/style>\n<div class='flex_column av-evz5t-3a35c6c63d816d3581cf53d06d457430 av_one_fourth  avia-builder-el-3  el_after_av_three_fourth  el_before_av_one_full  flex_column_div av-zero-column-padding '   ><\/div>\n<style type=\"text\/css\" data-created_by=\"avia_inline_auto\" id=\"style-css-av-dbqoo-29052d887c4e1f12bf4c3235b9a97c60\">\n.flex_column.av-dbqoo-29052d887c4e1f12bf4c3235b9a97c60{\nborder-radius:0px 0px 0px 0px;\n-webkit-border-radius:0px 0px 0px 0px;\n-moz-border-radius:0px 0px 0px 0px;\n}\n<\/style>\n<div class='flex_column av-dbqoo-29052d887c4e1f12bf4c3235b9a97c60 av_one_full  avia-builder-el-4  el_after_av_one_fourth  avia-builder-el-last  first flex_column_div av-zero-column-padding column-top-margin'   ><section  class='av_textblock_section av-kcujt3lm-e3fe9eeab4ac33a3de4cfc1d9c43ff7d'  itemscope=\"itemscope\" itemtype=\"https:\/\/schema.org\/CreativeWork\" ><div class='avia_textblock'  itemprop=\"text\" ><p><strong>Die Tabelle regelt die Zust\u00e4ndigkeiten f\u00fcr die Vorbereitung, das Mischen der Boards\u00e4tze und die Leitung des jeweiligen Turniers.<\/strong><\/p>\n<\/div><\/section><\/div>\n<\/div><\/div><\/main><!-- close content main element --><\/div><\/div><div id='after_section_1'  class='main_color av_default_container_wrap container_wrap sidebar_right'  ><div class='container av-section-cont-open' ><div class='template-page content  av-content-small alpha units'><div class='post-entry post-entry-type-page post-entry-808'><div class='entry-content-wrapper clearfix'>\n\n<style type=\"text\/css\" data-created_by=\"avia_inline_auto\" id=\"style-css-av-b1jkw-12aa0fbff49a0d460b0fbbc36cf55c29\">\n.flex_column.av-b1jkw-12aa0fbff49a0d460b0fbbc36cf55c29{\nborder-radius:0px 0px 0px 0px;\n-webkit-border-radius:0px 0px 0px 0px;\n-moz-border-radius:0px 0px 0px 0px;\n}\n<\/style>\n<div class='flex_column av-b1jkw-12aa0fbff49a0d460b0fbbc36cf55c29 av_one_full  avia-builder-el-6  el_after_av_section  avia-builder-el-no-sibling  first flex_column_div av-zero-column-padding '   ><section  class='av_textblock_section av-kdpr50gn-358f4933682b6aab667677aa57385d41'  itemscope=\"itemscope\" itemtype=\"https:\/\/schema.org\/CreativeWork\" ><div class='avia_textblock'  itemprop=\"text\" ><p><a href=\"https:\/\/gesellschaft-museum.de\/bridge\/wp-content\/uploads\/sites\/2\/TL-2026-1HJ-1.pdf\">TL-2026-1HJ <\/a>\u00a0Turnierleitung und Mischdienste im 1. Halbjahr 2026<\/p>\n<\/div><\/section><\/div>\n","protected":false},"excerpt":{"rendered":"","protected":false},"author":12,"featured_media":0,"parent":49,"menu_order":13,"comment_status":"closed","ping_status":"closed","template":"","meta":{"inline_featured_image":false},"_links":{"self":[{"href":"https:\/\/gesellschaft-museum.de\/bridge\/wp-json\/wp\/v2\/pages\/808"}],"collection":[{"href":"https:\/\/gesellschaft-museum.de\/bridge\/wp-json\/wp\/v2\/pages"}],"about":[{"href":"https:\/\/gesellschaft-museum.de\/bridge\/wp-json\/wp\/v2\/types\/page"}],"author":[{"embeddable":true,"href":"https:\/\/gesellschaft-museum.de\/bridge\/wp-json\/wp\/v2\/users\/12"}],"replies":[{"embeddable":true,"href":"https:\/\/gesellschaft-museum.de\/bridge\/wp-json\/wp\/v2\/comments?post=808"}],"version-history":[{"count":5,"href":"https:\/\/gesellschaft-museum.de\/bridge\/wp-json\/wp\/v2\/pages\/808\/revisions"}],"predecessor-version":[{"id":17369,"href":"https:\/\/gesellschaft-museum.de\/bridge\/wp-json\/wp\/v2\/pages\/808\/revisions\/17369"}],"up":[{"embeddable":true,"href":"https:\/\/gesellschaft-museum.de\/bridge\/wp-json\/wp\/v2\/pages\/49"}],"wp:attachment":[{"href":"https:\/\/gesellschaft-museum.de\/bridge\/wp-json\/wp\/v2\/media?parent=808"}],"curies":[{"name":"wp","href":"https:\/\/api.w.org\/{rel}","templated":true}]}}